{"id":2,"date":"2016-05-10T03:48:21","date_gmt":"2016-05-10T03:48:21","guid":{"rendered":"https:\/\/www.intereses.lv\/lib\/?page_id=2"},"modified":"2025-12-19T09:45:11","modified_gmt":"2025-12-19T09:45:11","slug":"sample-page","status":"publish","type":"page","link":"https:\/\/www.intereses.lv\/lib\/","title":{"rendered":"Metodisko materi\u0101lu datu b\u0101ze"},"content":{"rendered":"<p>Viens no\u00a0\u00a0R\u012bgas Intere\u0161u izgl\u012bt\u012bbas metodisk\u0101 centra\u00a0\u00a0galvenajiem m\u0113r\u0137iem ir sniegt metodisko pal\u012bdz\u012bbu intere\u0161u izgl\u012bt\u012bbas pedagogiem, izstr\u0101d\u0101t metodiskos materi\u0101lus un ieteikumus intere\u0161u izgl\u012bt\u012bb\u0101, k\u0101 ar\u012b apkopot intere\u0161u izgl\u012bt\u012bbas pedagogu lab\u0101ko pieredzi un darb\u012bbu. Centrs sadarb\u012bb\u0101 ar darbu autoriem veido un nodro\u0161ina m\u0101c\u012bbu \u2013 metodisko un informat\u012bvo materi\u0101lu izdo\u0161anu.<\/p>\n<p>R\u012bgas Intere\u0161u izgl\u012bt\u012bbas metodiskaj\u0101 centr\u0101 pieejams pla\u0161s materi\u0101lu kl\u0101sts teju vis\u0101s intere\u0161u izgl\u012bt\u012bbas jom\u0101s.\u00a0\u00a0Esam uzs\u0101ku\u0161i metodisko materi\u0101lu elektronisk\u0101s datu b\u0101zes izveidi. <strong>\u0160obr\u012bd datu b\u0101z\u0113 apkopoti metodiskie materi\u0101li, kas iesniegti R\u012bgas intere\u0161u izgl\u012bt\u012bbas metodisko materi\u0101lu skat\u0113s, pak\u0101peniski datu b\u0101ze tiek papildin\u0101ta ar digit\u0101liem resursiem. <\/strong>Izmantojot mekl\u0113t\u0101ja funkciju, varat atrast, k\u0101di materi\u0101li pieejami.<\/p>\n<p>Ar materi\u0101liem var iepaz\u012bties R\u012bgas Intere\u0161u izgl\u012bt\u012bbas metodisk\u0101 centra bibliot\u0113kas telp\u0101s katru darba dienu no plkst. 9.00 \u2013 16.00, iepriek\u0161 sazinoties ar projektu vad\u012bt\u0101ju metodiskaj\u0101 darb\u0101 Marinu Lu\u010dko &#8211; t\u0101lr. 26807009 vai e-pastu <a href=\"mailto:mlucko@edu.riga.lv\">mlucko@edu.riga.lv<\/a> .<\/p>\n<h4>JAUNUMI<\/h4>\n<h5>2025. gada izdevumi<\/h5>\n<ul>\n<li>Lilitas Svir\u017eevskas metodiskais materi\u0101ls <strong>\u201cS\u0113\u0146u daudzveid\u012bba\u201d <img loading=\"lazy\" decoding=\"async\" class=\"wp-image-760 alignright\" src=\"https:\/\/www.intereses.lv\/lib\/wp-content\/uploads\/2025\/12\/senes_page-0001-1-212x300.jpg\" alt=\"\" width=\"124\" height=\"176\" srcset=\"https:\/\/www.intereses.lv\/lib\/wp-content\/uploads\/2025\/12\/senes_page-0001-1-212x300.jpg 212w, https:\/\/www.intereses.lv\/lib\/wp-content\/uploads\/2025\/12\/senes_page-0001-1-722x1024.jpg 722w, https:\/\/www.intereses.lv\/lib\/wp-content\/uploads\/2025\/12\/senes_page-0001-1-768x1089.jpg 768w, https:\/\/www.intereses.lv\/lib\/wp-content\/uploads\/2025\/12\/senes_page-0001-1-1084x1536.jpg 1084w, https:\/\/www.intereses.lv\/lib\/wp-content\/uploads\/2025\/12\/senes_page-0001-1-303x429.jpg 303w, https:\/\/www.intereses.lv\/lib\/wp-content\/uploads\/2025\/12\/senes_page-0001-1.jpg 1236w\" sizes=\"auto, (max-width: 124px) 100vw, 124px\" \/><\/strong><\/li>\n<\/ul>\n<p>Materi\u0101l\u0101 var iepaz\u012bties ar s\u0113\u0146u daudzveid\u012bbu, izzinot t\u0101s ar uzdevumiem un sp\u0113\u013cu metod\u0113m, \u0146emot v\u0113r\u0101 audz\u0113k\u0146u vecumposmu un\u00a0zin\u0101\u0161anas par s\u0113n\u0113m. Materi\u0101lu var izmantot gan vides intere\u0161u izgl\u012bt\u012bbas programmu \u012bsteno\u0161an\u0101, gan da\u017e\u0101dos m\u0101c\u012bbu priek\u0161metos, piem\u0113ram, dabaszin\u012bbas, biolo\u0123ija, vizu\u0101l\u0101 m\u0101ksla, dizains un tehnolo\u0123ijas, \u0123eogr\u0101fijas. Darbs ir 2024. gada R\u012bgas Intere\u0161u izgl\u012bt\u012bbas metodisko materi\u0101lu skates laure\u0101ts.<\/p>\n<p>Vair\u0101k inform\u0101cijas <strong><a href=\"https:\/\/www.intereses.lv\/lib\/lib\/senu-daudzveidiba\/\">\u0161eit.<\/a><\/strong><\/p>\n<ul>\n<li>Artas Gr\u012bnas sast\u0101d\u012btais kr\u0101jums\u00a0 <strong>\u201cGadalaiki. Rudens dziesmas\u201d<\/strong> &#8211; Dziesmas vok\u0101lajiem ansamb\u013ciem un koriem<img loading=\"lazy\" decoding=\"async\" class=\"wp-image-761 alignright\" src=\"https:\/\/www.intereses.lv\/lib\/wp-content\/uploads\/2025\/12\/rudens_dz_page-0001-1-212x300.jpg\" alt=\"\" width=\"124\" height=\"175\" srcset=\"https:\/\/www.intereses.lv\/lib\/wp-content\/uploads\/2025\/12\/rudens_dz_page-0001-1-212x300.jpg 212w, https:\/\/www.intereses.lv\/lib\/wp-content\/uploads\/2025\/12\/rudens_dz_page-0001-1-722x1024.jpg 722w, https:\/\/www.intereses.lv\/lib\/wp-content\/uploads\/2025\/12\/rudens_dz_page-0001-1-768x1089.jpg 768w, https:\/\/www.intereses.lv\/lib\/wp-content\/uploads\/2025\/12\/rudens_dz_page-0001-1-1084x1536.jpg 1084w, https:\/\/www.intereses.lv\/lib\/wp-content\/uploads\/2025\/12\/rudens_dz_page-0001-1-303x429.jpg 303w, https:\/\/www.intereses.lv\/lib\/wp-content\/uploads\/2025\/12\/rudens_dz_page-0001-1.jpg 1236w\" sizes=\"auto, (max-width: 124px) 100vw, 124px\" \/><\/li>\n<\/ul>\n<p>Cikla \u201cGadalaiki\u201d III kr\u0101jums, kur\u0101 public\u0113tas R\u012bgas vok\u0101lo ansamb\u013cu vad\u012bt\u0101ju, koru diri\u0123entu, koncertmeistaru rad\u012bti jaundarbi \u2013 ori\u0123in\u0101lkompoz\u012bcijas un tautas dziesmu apdares. Tematika \u2013 rudens. Kr\u0101jums ir tapis 2025.gad\u0101.<\/p>\n<p>Vair\u0101k inform\u0101cijas <a href=\"https:\/\/www.intereses.lv\/lib\/lib\/gadalaiki-rudens-dziesmas\/\"><strong>\u0161eit.<\/strong><\/a><\/p>\n<h5><\/h5>\n<p>&nbsp;<\/p>\n<h5>P\u0113d\u0113jo gadu digit\u0101lie materi\u0101li<\/h5>\n<ul>\n<li><a href=\"https:\/\/www.intereses.lv\/lib\/lib\/vides-izzinas-konkurss-no-idejas-lidz-istenosanai-tema-kukaini\/\"><img loading=\"lazy\" decoding=\"async\" class=\"wp-image-568 alignright\" src=\"https:\/\/www.intereses.lv\/lib\/wp-content\/uploads\/2025\/10\/Titulbilde_kukaini-212x300.png\" alt=\"\" width=\"125\" height=\"177\" srcset=\"https:\/\/www.intereses.lv\/lib\/wp-content\/uploads\/2025\/10\/Titulbilde_kukaini-212x300.png 212w, https:\/\/www.intereses.lv\/lib\/wp-content\/uploads\/2025\/10\/Titulbilde_kukaini-303x429.png 303w, https:\/\/www.intereses.lv\/lib\/wp-content\/uploads\/2025\/10\/Titulbilde_kukaini.png 559w\" sizes=\"auto, (max-width: 125px) 100vw, 125px\" \/><\/a>Lilitas Svir\u017eevskas un Indras Siksalietes digit\u0101lais metodiskais materi\u0101ls <strong>\u201cVides izzi\u0146as konkurss no idejas l\u012bdz \u012bsteno\u0161anai. T\u0113ma \u201cKukai\u0146i\u201d\u201d<\/strong><\/li>\n<\/ul>\n<p>Darba m\u0113r\u0137is ir sekm\u0113t skol\u0113nu izpratni par vidi, Latvijas kukai\u0146u daudzveid\u012bbu, bi\u0161u un p\u0101r\u0113jo apputeksn\u0113t\u0101ju noz\u012bmi dab\u0101 un cilv\u0113ka dz\u012bv\u0113. Darbs ir 2023. gada R\u012bgas Intere\u0161u izgl\u012bt\u012bbas metodisko materi\u0101lu skates laure\u0101ts.<\/p>\n<p>Pieejams <strong><a href=\"https:\/\/www.intereses.lv\/lib\/lib\/vides-izzinas-konkurss-no-idejas-lidz-istenosanai-tema-kukaini\/\">\u0161eit.<\/a><\/strong><\/p>\n<p>&nbsp;<\/p>\n<ul>\n<li><a href=\"https:\/\/www.intereses.lv\/lib\/lib\/metodiska-izstradne-etnografisko-deju-apdaru-veidosana-un-izmantosana-skatuvisko-tautas-deju-horeografijas-ozolinis-dieti-gaja-liepu-veda-rocina\/\"><img loading=\"lazy\" decoding=\"async\" class=\"alignright wp-image-579\" src=\"https:\/\/www.intereses.lv\/lib\/wp-content\/uploads\/2025\/10\/Ozolinis-211x300.png\" alt=\"\" width=\"125\" height=\"178\" srcset=\"https:\/\/www.intereses.lv\/lib\/wp-content\/uploads\/2025\/10\/Ozolinis-211x300.png 211w, https:\/\/www.intereses.lv\/lib\/wp-content\/uploads\/2025\/10\/Ozolinis-303x432.png 303w, https:\/\/www.intereses.lv\/lib\/wp-content\/uploads\/2025\/10\/Ozolinis.png 532w\" sizes=\"auto, (max-width: 125px) 100vw, 125px\" \/><\/a>Metodisk\u0101 izstr\u0101dne <strong>\u201cOzoli\u0146(i)s diet(i) g\u0101ja, liepu veda roci\u0146\u0101\u201d<\/strong><\/li>\n<\/ul>\n<p>2022. gad\u0101 tapis digit\u0101lais materi\u0101ls, kur projekta \u201cEtnogr\u0101fisko deju apdaru veido\u0161ana un izmanto\u0161ana skatuvisko tautas deju horeogr\u0101fij\u0101s\u201d ietvar\u0101 <strong>tapu\u0161as 8 jaunrades dejas,\u00a0 jaunas tautas m\u016bzikas aran\u017eijas, deju apraksti un z\u012bm\u0113jumi, notis koncertmeistariem, audio un video ieraksti.<\/strong><\/p>\n<p>Pieejams <strong><a href=\"https:\/\/www.intereses.lv\/lib\/lib\/metodiska-izstradne-etnografisko-deju-apdaru-veidosana-un-izmantosana-skatuvisko-tautas-deju-horeografijas-ozolinis-dieti-gaja-liepu-veda-rocina\/\">\u0161eit.<\/a><\/strong><\/p>\n<p>&nbsp;<\/p>\n<ul>\n<li><a href=\"https:\/\/www.intereses.lv\/lib\/lib\/metodiska-izstradne-izrade-pastaiga-virtuala-vide\/\"><img loading=\"lazy\" decoding=\"async\" class=\"alignright wp-image-593\" src=\"https:\/\/www.intereses.lv\/lib\/wp-content\/uploads\/2025\/10\/Izrade-pastaiga-virtuala-vide-1_page-0001-637x900-1-212x300.jpg\" alt=\"\" width=\"125\" height=\"177\" srcset=\"https:\/\/www.intereses.lv\/lib\/wp-content\/uploads\/2025\/10\/Izrade-pastaiga-virtuala-vide-1_page-0001-637x900-1-212x300.jpg 212w, https:\/\/www.intereses.lv\/lib\/wp-content\/uploads\/2025\/10\/Izrade-pastaiga-virtuala-vide-1_page-0001-637x900-1-303x428.jpg 303w, https:\/\/www.intereses.lv\/lib\/wp-content\/uploads\/2025\/10\/Izrade-pastaiga-virtuala-vide-1_page-0001-637x900-1.jpg 637w\" sizes=\"auto, (max-width: 125px) 100vw, 125px\" \/><\/a>M\u0101ras Ga\u0146\u0123es metodisk\u0101 izstr\u0101dne <strong>&#8220;Izr\u0101de-pastaiga virtu\u0101l\u0101 vid\u0113&#8221;<\/strong><\/li>\n<\/ul>\n<p>Darba m\u0113r\u0137is ir papla\u0161in\u0101t izpratni par te\u0101tra m\u0101kslas daudzveid\u012bbu un veicin\u0101t rado\u0161umu, veidojot virtu\u0101lu \u012bpa\u0161vietas te\u0101tra izr\u0101di, kas \u013cauj no jauna paskat\u012bties gan uz konkr\u0113taj\u0101m viet\u0101m pils\u0113t\u0101, gan ar\u012b interneta vides izmanto\u0161anu m\u0101kslas darba veido\u0161an\u0101.<\/p>\n<p>Pieejams <strong><a href=\"https:\/\/www.intereses.lv\/lib\/lib\/metodiska-izstradne-izrade-pastaiga-virtuala-vide\/\">\u0161eit.<\/a><\/strong><\/p>\n<p>&nbsp;<\/p>\n","protected":false},"excerpt":{"rendered":"<p>Viens no\u00a0\u00a0R\u012bgas Intere\u0161u izgl\u012bt\u012bbas metodisk\u0101 centra\u00a0\u00a0galvenajiem m\u0113r\u0137iem ir sniegt metodisko pal\u012bdz\u012bbu intere\u0161u izgl\u012bt\u012bbas pedagogiem, izstr\u0101d\u0101t metodiskos materi\u0101lus un ieteikumus intere\u0161u izgl\u012bt\u012bb\u0101, k\u0101 ar\u012b apkopot intere\u0161u izgl\u012bt\u012bbas pedagogu lab\u0101ko pieredzi un darb\u012bbu. Centrs sadarb\u012bb\u0101 ar darbu autoriem veido un nodro\u0161ina m\u0101c\u012bbu \u2013 metodisko&#8230;<\/p>\n","protected":false},"author":1,"featured_media":0,"parent":0,"menu_order":0,"comment_status":"closed","ping_status":"closed","template":"","meta":{"_acf_changed":false,"footnotes":""},"class_list":["post-2","page","type-page","status-publish","hentry"],"acf":[],"_links":{"self":[{"href":"https:\/\/www.intereses.lv\/lib\/wp-json\/wp\/v2\/pages\/2","targetHints":{"allow":["GET"]}}],"collection":[{"href":"https:\/\/www.intereses.lv\/lib\/wp-json\/wp\/v2\/pages"}],"about":[{"href":"https:\/\/www.intereses.lv\/lib\/wp-json\/wp\/v2\/types\/page"}],"author":[{"embeddable":true,"href":"https:\/\/www.intereses.lv\/lib\/wp-json\/wp\/v2\/users\/1"}],"replies":[{"embeddable":true,"href":"https:\/\/www.intereses.lv\/lib\/wp-json\/wp\/v2\/comments?post=2"}],"version-history":[{"count":35,"href":"https:\/\/www.intereses.lv\/lib\/wp-json\/wp\/v2\/pages\/2\/revisions"}],"predecessor-version":[{"id":767,"href":"https:\/\/www.intereses.lv\/lib\/wp-json\/wp\/v2\/pages\/2\/revisions\/767"}],"wp:attachment":[{"href":"https:\/\/www.intereses.lv\/lib\/wp-json\/wp\/v2\/media?parent=2"}],"curies":[{"name":"wp","href":"https:\/\/api.w.org\/{rel}","templated":true}]}}